{"id":7147,"date":"2024-10-09T14:27:34","date_gmt":"2024-10-09T14:27:34","guid":{"rendered":"https:\/\/leaderenaction.ca\/cart\/"},"modified":"2024-10-09T18:07:20","modified_gmt":"2024-10-09T18:07:20","slug":"cart","status":"publish","type":"page","link":"https:\/\/leaderenaction.ca\/en\/cart\/","title":{"rendered":"Cart"},"content":{"rendered":"\n<div data-block-name=\"woocommerce\/cart\" class=\"wp-block-woocommerce-cart alignwide is-loading\">\n<div data-block-name=\"woocommerce\/filled-cart-block\" class=\"wp-block-woocommerce-filled-cart-block\">\n<div data-block-name=\"woocommerce\/cart-items-block\" class=\"wp-block-woocommerce-cart-items-block\">\n<div data-block-name=\"woocommerce\/cart-line-items-block\" class=\"wp-block-woocommerce-cart-line-items-block\"><\/div>\n\n\n\n<div data-block-name=\"woocommerce\/cart-cross-sells-block\" class=\"wp-block-woocommerce-cart-cross-sells-block\">\n<h2 class=\"wp-block-heading has-large-font-size\">\u00c7a peut vous int\u00e9resser&#8230;<\/h2>\n\n\n\n<div data-block-name=\"woocommerce\/cart-cross-sells-products-block\" class=\"wp-block-woocommerce-cart-cross-sells-products-block\"><\/div>\n<\/div>\n<\/div>\n\n\n\n<div data-block-name=\"woocommerce\/cart-totals-block\" class=\"wp-block-woocommerce-cart-totals-block\">\n<div data-block-name=\"woocommerce\/cart-order-summary-block\" class=\"wp-block-woocommerce-cart-order-summary-block\">\n<div data-block-name=\"woocommerce\/cart-order-summary-heading-block\" class=\"wp-block-woocommerce-cart-order-summary-heading-block\"><\/div><div data-block-name=\"woocommerce\/cart-order-summary-coupon-form-block\" class=\"wp-block-woocommerce-cart-order-summary-coupon-form-block\"><\/div><div data-block-name=\"woocommerce\/cart-order-summary-totals-block\" class=\"wp-block-woocommerce-cart-order-summary-totals-block\">\n<div data-block-name=\"woocommerce\/cart-order-summary-subtotal-block\" class=\"wp-block-woocommerce-cart-order-summary-subtotal-block\"><\/div>\n<div data-block-name=\"woocommerce\/cart-order-summary-discount-block\" class=\"wp-block-woocommerce-cart-order-summary-discount-block\"><\/div>\n<div data-block-name=\"woocommerce\/cart-order-summary-fee-block\" class=\"wp-block-woocommerce-cart-order-summary-fee-block\"><\/div>\n<div data-block-name=\"woocommerce\/cart-order-summary-shipping-block\" class=\"wp-block-woocommerce-cart-order-summary-shipping-block\"><\/div>\n<div data-block-name=\"woocommerce\/cart-order-summary-taxes-block\" class=\"wp-block-woocommerce-cart-order-summary-taxes-block\"><\/div><\/div>\n<\/div>\n\n\n\n<div data-block-name=\"woocommerce\/cart-express-payment-block\" class=\"wp-block-woocommerce-cart-express-payment-block\"><\/div>\n\n\n\n<div data-block-name=\"woocommerce\/proceed-to-checkout-block\" class=\"wp-block-woocommerce-proceed-to-checkout-block\"><\/div>\n\n\n\n<div data-block-name=\"woocommerce\/cart-accepted-payment-methods-block\" class=\"wp-block-woocommerce-cart-accepted-payment-methods-block\"><\/div>\n<\/div>\n<\/div>\n\n\n\n<div data-block-name=\"woocommerce\/empty-cart-block\" class=\"wp-block-woocommerce-empty-cart-block\">\n<h2 class=\"wp-block-heading has-text-align-center with-empty-cart-icon wc-block-cart__empty-cart__title\">Votre panier est actuellement vide\u00a0!<\/h2>\n\n\n\n<hr class=\"wp-block-separator has-alpha-channel-opacity is-style-dots\"\/>\n\n\n\n<h2 class=\"wp-block-heading has-text-align-center\">Nouveau dans la boutique<\/h2>\n\n\n<div data-block-name=\"woocommerce\/product-new\" data-columns=\"4\" data-rows=\"1\" class=\"wc-block-grid wp-block-product-new wp-block-woocommerce-product-new wc-block-product-new has-4-columns\"><ul class=\"wc-block-grid__products\"><li class=\"wc-block-grid__product\">\n\t\t\t\t<a href=\"https:\/\/leaderenaction.ca\/en\/produit\/multiplier-votre-efficacite-par-la-delegation\/\" class=\"wc-block-grid__product-link\">\n\t\t\t\t\t<div class=\"wc-block-grid__product-onsale\">\n\t\t\t<span aria-hidden=\"true\">Sale<\/span>\n\t\t\t<span class=\"screen-reader-text\">Product on sale<\/span>\n\t\t<\/div>\n\t\t\t\t\t<div class=\"wc-block-grid__product-image\"><img loading=\"lazy\" decoding=\"async\" width=\"300\" height=\"300\" src=\"https:\/\/leaderenaction.ca\/wp-content\/uploads\/2024\/10\/delegation-300x300.jpg\" class=\"attachment-woocommerce_thumbnail size-woocommerce_thumbnail\" alt=\"Multiplier votre efficacit\u00e9 par la d\u00e9l\u00e9gation\" srcset=\"https:\/\/leaderenaction.ca\/wp-content\/uploads\/2024\/10\/delegation-300x300.jpg 300w, https:\/\/leaderenaction.ca\/wp-content\/uploads\/2024\/10\/delegation-160x160.jpg 160w, https:\/\/leaderenaction.ca\/wp-content\/uploads\/2024\/10\/delegation-500x500.jpg 500w, https:\/\/leaderenaction.ca\/wp-content\/uploads\/2024\/10\/delegation-320x320.jpg 320w, https:\/\/leaderenaction.ca\/wp-content\/uploads\/2024\/10\/delegation-640x640.jpg 640w, https:\/\/leaderenaction.ca\/wp-content\/uploads\/2024\/10\/delegation-100x100.jpg 100w\" sizes=\"auto, (max-width: 300px) 100vw, 300px\" \/><\/div>\n\t\t\t\t\t<div class=\"wc-block-grid__product-title\">Multiplier votre efficacit\u00e9 par la d\u00e9l\u00e9gation<\/div>\n\t\t\t\t<\/a>\n\t\t\t\t<div class=\"wc-block-grid__product-price price\"><del aria-hidden=\"true\"><span class=\"woocommerce-Price-amount amount\">975.00<span class=\"woocommerce-Price-currencySymbol\">&#036;<\/span><\/span><\/del> <span class=\"screen-reader-text\">Original price was: 975.00&#036;.<\/span><ins aria-hidden=\"true\"><span class=\"woocommerce-Price-amount amount\">625.00<span class=\"woocommerce-Price-currencySymbol\">&#036;<\/span><\/span><\/ins><span class=\"screen-reader-text\">Current price is: 625.00&#036;.<\/span><\/div>\n\t\t\t\t\n\t\t\t\t<div class=\"wp-block-button wc-block-grid__product-add-to-cart\"><a href=\"\/en\/wp-json\/wp\/v2\/pages\/7147?add-to-cart=7253\" aria-label=\"Add to cart: &ldquo;Multiplier votre efficacit\u00e9 par la d\u00e9l\u00e9gation&rdquo;\" data-quantity=\"1\" data-product_id=\"7253\" data-product_sku=\"\" data-price=\"625\" rel=\"nofollow\" class=\"wp-block-button__link  add_to_cart_button ajax_add_to_cart\">Buy<\/a><\/div>\n\t\t\t<\/li><li class=\"wc-block-grid__product\">\n\t\t\t\t<a href=\"https:\/\/leaderenaction.ca\/en\/produit\/ommuniquer-comme-un-pro-mieux-gerer-ses-relations-interpersonnelles\/\" class=\"wc-block-grid__product-link\">\n\t\t\t\t\t<div class=\"wc-block-grid__product-onsale\">\n\t\t\t<span aria-hidden=\"true\">Sale<\/span>\n\t\t\t<span class=\"screen-reader-text\">Product on sale<\/span>\n\t\t<\/div>\n\t\t\t\t\t<div class=\"wc-block-grid__product-image\"><img loading=\"lazy\" decoding=\"async\" width=\"300\" height=\"300\" src=\"https:\/\/leaderenaction.ca\/wp-content\/uploads\/2024\/09\/Capture-300x300.jpg\" class=\"attachment-woocommerce_thumbnail size-woocommerce_thumbnail\" alt=\"Communiquer comme un PRO: Mieux g\u00e9rer ses relations interpersonnelles\" srcset=\"https:\/\/leaderenaction.ca\/wp-content\/uploads\/2024\/09\/Capture-300x300.jpg 300w, https:\/\/leaderenaction.ca\/wp-content\/uploads\/2024\/09\/Capture-100x100.jpg 100w, https:\/\/leaderenaction.ca\/wp-content\/uploads\/2024\/09\/Capture-160x160.jpg 160w, https:\/\/leaderenaction.ca\/wp-content\/uploads\/2024\/09\/Capture-500x500.jpg 500w, https:\/\/leaderenaction.ca\/wp-content\/uploads\/2024\/09\/Capture-320x320.jpg 320w\" sizes=\"auto, (max-width: 300px) 100vw, 300px\" \/><\/div>\n\t\t\t\t\t<div class=\"wc-block-grid__product-title\">Communiquer comme un PRO: Mieux g\u00e9rer ses relations interpersonnelles<\/div>\n\t\t\t\t<\/a>\n\t\t\t\t<div class=\"wc-block-grid__product-price price\"><del aria-hidden=\"true\"><span class=\"woocommerce-Price-amount amount\">975.00<span class=\"woocommerce-Price-currencySymbol\">&#036;<\/span><\/span><\/del> <span class=\"screen-reader-text\">Original price was: 975.00&#036;.<\/span><ins aria-hidden=\"true\"><span class=\"woocommerce-Price-amount amount\">545.00<span class=\"woocommerce-Price-currencySymbol\">&#036;<\/span><\/span><\/ins><span class=\"screen-reader-text\">Current price is: 545.00&#036;.<\/span><\/div>\n\t\t\t\t\n\t\t\t\t<div class=\"wp-block-button wc-block-grid__product-add-to-cart\"><a href=\"\/en\/wp-json\/wp\/v2\/pages\/7147?add-to-cart=7259\" aria-label=\"Add to cart: &ldquo;Communiquer comme un PRO: Mieux g\u00e9rer ses relations interpersonnelles&rdquo;\" data-quantity=\"1\" data-product_id=\"7259\" data-product_sku=\"\" data-price=\"545\" rel=\"nofollow\" class=\"wp-block-button__link  add_to_cart_button ajax_add_to_cart\">Buy<\/a><\/div>\n\t\t\t<\/li><li class=\"wc-block-grid__product\">\n\t\t\t\t<a href=\"https:\/\/leaderenaction.ca\/en\/produit\/intelligence-emotionnelle-gagner-en-assurance-et-en-aisance-relationnelle-par-la-maitrise-de-ses-emotions\/\" class=\"wc-block-grid__product-link\">\n\t\t\t\t\t<div class=\"wc-block-grid__product-onsale\">\n\t\t\t<span aria-hidden=\"true\">Sale<\/span>\n\t\t\t<span class=\"screen-reader-text\">Product on sale<\/span>\n\t\t<\/div>\n\t\t\t\t\t<div class=\"wc-block-grid__product-image\"><img loading=\"lazy\" decoding=\"async\" width=\"300\" height=\"300\" src=\"https:\/\/leaderenaction.ca\/wp-content\/uploads\/2025\/06\/Intelligeance-emotionnelle-2-300x300.png\" class=\"attachment-woocommerce_thumbnail size-woocommerce_thumbnail\" alt=\"Leadership \u00e9motionnel : la comp\u00e9tence cl\u00e9 des dirigeants performants\" srcset=\"https:\/\/leaderenaction.ca\/wp-content\/uploads\/2025\/06\/Intelligeance-emotionnelle-2-300x300.png 300w, https:\/\/leaderenaction.ca\/wp-content\/uploads\/2025\/06\/Intelligeance-emotionnelle-2-160x160.png 160w, https:\/\/leaderenaction.ca\/wp-content\/uploads\/2025\/06\/Intelligeance-emotionnelle-2-500x500.png 500w, https:\/\/leaderenaction.ca\/wp-content\/uploads\/2025\/06\/Intelligeance-emotionnelle-2-320x320.png 320w, https:\/\/leaderenaction.ca\/wp-content\/uploads\/2025\/06\/Intelligeance-emotionnelle-2-640x640.png 640w, https:\/\/leaderenaction.ca\/wp-content\/uploads\/2025\/06\/Intelligeance-emotionnelle-2-100x100.png 100w\" sizes=\"auto, (max-width: 300px) 100vw, 300px\" \/><\/div>\n\t\t\t\t\t<div class=\"wc-block-grid__product-title\">Leadership \u00e9motionnel : la comp\u00e9tence cl\u00e9 des dirigeants performants<\/div>\n\t\t\t\t<\/a>\n\t\t\t\t<div class=\"wc-block-grid__product-price price\"><del aria-hidden=\"true\"><span class=\"woocommerce-Price-amount amount\">875.00<span class=\"woocommerce-Price-currencySymbol\">&#036;<\/span><\/span><\/del> <span class=\"screen-reader-text\">Original price was: 875.00&#036;.<\/span><ins aria-hidden=\"true\"><span class=\"woocommerce-Price-amount amount\">575.00<span class=\"woocommerce-Price-currencySymbol\">&#036;<\/span><\/span><\/ins><span class=\"screen-reader-text\">Current price is: 575.00&#036;.<\/span><\/div>\n\t\t\t\t\n\t\t\t\t<div class=\"wp-block-button wc-block-grid__product-add-to-cart\"><a href=\"\/en\/wp-json\/wp\/v2\/pages\/7147?add-to-cart=7833\" aria-label=\"Add to cart: &ldquo;Leadership \u00e9motionnel : la comp\u00e9tence cl\u00e9 des dirigeants performants&rdquo;\" data-quantity=\"1\" data-product_id=\"7833\" data-product_sku=\"\" data-price=\"575\" rel=\"nofollow\" class=\"wp-block-button__link  add_to_cart_button ajax_add_to_cart\">Buy<\/a><\/div>\n\t\t\t<\/li><li class=\"wc-block-grid__product\">\n\t\t\t\t<a href=\"https:\/\/leaderenaction.ca\/en\/produit\/gagnez-en-productivite-maitrisez-vos-priorites-et-votre-temps\/\" class=\"wc-block-grid__product-link\">\n\t\t\t\t\t<div class=\"wc-block-grid__product-onsale\">\n\t\t\t<span aria-hidden=\"true\">Sale<\/span>\n\t\t\t<span class=\"screen-reader-text\">Product on sale<\/span>\n\t\t<\/div>\n\t\t\t\t\t<div class=\"wc-block-grid__product-image\"><img loading=\"lazy\" decoding=\"async\" width=\"300\" height=\"300\" src=\"https:\/\/leaderenaction.ca\/wp-content\/uploads\/2025\/06\/gestion-du-temps-300x300.webp\" class=\"attachment-woocommerce_thumbnail size-woocommerce_thumbnail\" alt=\"Ma\u00eetrisez votre Temps et vos Priorit\u00e9s\" srcset=\"https:\/\/leaderenaction.ca\/wp-content\/uploads\/2025\/06\/gestion-du-temps-300x300.webp 300w, https:\/\/leaderenaction.ca\/wp-content\/uploads\/2025\/06\/gestion-du-temps-160x160.webp 160w, https:\/\/leaderenaction.ca\/wp-content\/uploads\/2025\/06\/gestion-du-temps-500x500.webp 500w, https:\/\/leaderenaction.ca\/wp-content\/uploads\/2025\/06\/gestion-du-temps-320x320.webp 320w, https:\/\/leaderenaction.ca\/wp-content\/uploads\/2025\/06\/gestion-du-temps-640x640.webp 640w, https:\/\/leaderenaction.ca\/wp-content\/uploads\/2025\/06\/gestion-du-temps-100x100.webp 100w\" sizes=\"auto, (max-width: 300px) 100vw, 300px\" \/><\/div>\n\t\t\t\t\t<div class=\"wc-block-grid__product-title\">Ma\u00eetrisez votre Temps et vos Priorit\u00e9s<\/div>\n\t\t\t\t<\/a>\n\t\t\t\t<div class=\"wc-block-grid__product-price price\"><del aria-hidden=\"true\"><span class=\"woocommerce-Price-amount amount\">1285.00<span class=\"woocommerce-Price-currencySymbol\">&#036;<\/span><\/span><\/del> <span class=\"screen-reader-text\">Original price was: 1285.00&#036;.<\/span><ins aria-hidden=\"true\"><span class=\"woocommerce-Price-amount amount\">752.00<span class=\"woocommerce-Price-currencySymbol\">&#036;<\/span><\/span><\/ins><span class=\"screen-reader-text\">Current price is: 752.00&#036;.<\/span><\/div>\n\t\t\t\t\n\t\t\t\t<div class=\"wp-block-button wc-block-grid__product-add-to-cart\"><a href=\"\/en\/wp-json\/wp\/v2\/pages\/7147?add-to-cart=7869\" aria-label=\"Add to cart: &ldquo;Ma\u00eetrisez votre Temps et vos Priorit\u00e9s&rdquo;\" data-quantity=\"1\" data-product_id=\"7869\" data-product_sku=\"\" data-price=\"752\" rel=\"nofollow\" class=\"wp-block-button__link  add_to_cart_button ajax_add_to_cart\">Buy<\/a><\/div>\n\t\t\t<\/li><\/ul><\/div><\/div>\n<\/div>\n","protected":false},"excerpt":{"rendered":"","protected":false},"author":8,"featured_media":0,"parent":0,"menu_order":0,"comment_status":"closed","ping_status":"closed","template":"","meta":{"_acf_changed":false,"footnotes":""},"class_list":["post-7147","page","type-page","status-publish","hentry"],"acf":[],"aioseo_notices":[],"_links":{"self":[{"href":"https:\/\/leaderenaction.ca\/en\/wp-json\/wp\/v2\/pages\/7147","targetHints":{"allow":["GET"]}}],"collection":[{"href":"https:\/\/leaderenaction.ca\/en\/wp-json\/wp\/v2\/pages"}],"about":[{"href":"https:\/\/leaderenaction.ca\/en\/wp-json\/wp\/v2\/types\/page"}],"author":[{"embeddable":true,"href":"https:\/\/leaderenaction.ca\/en\/wp-json\/wp\/v2\/users\/8"}],"replies":[{"embeddable":true,"href":"https:\/\/leaderenaction.ca\/en\/wp-json\/wp\/v2\/comments?post=7147"}],"version-history":[{"count":0,"href":"https:\/\/leaderenaction.ca\/en\/wp-json\/wp\/v2\/pages\/7147\/revisions"}],"wp:attachment":[{"href":"https:\/\/leaderenaction.ca\/en\/wp-json\/wp\/v2\/media?parent=7147"}],"curies":[{"name":"wp","href":"https:\/\/api.w.org\/{rel}","templated":true}]}}